{"id":394,"date":"2020-05-15T23:05:28","date_gmt":"2020-05-15T21:05:28","guid":{"rendered":"https:\/\/www.gwt.at\/gwt-swiss\/?page_id=394"},"modified":"2021-12-21T11:55:21","modified_gmt":"2021-12-21T10:55:21","slug":"unternehmen","status":"publish","type":"page","link":"https:\/\/www.gwt.at\/gwt-swiss\/unternehmen\/","title":{"rendered":"Unternehmen"},"content":{"rendered":"\t\t<div data-elementor-type=\"wp-page\" data-elementor-id=\"394\" class=\"elementor elementor-394\">\n\t\t\t\t\t\t<section class=\"elementor-section elementor-top-section elementor-element elementor-element-780a365 elementor-section-boxed elementor-section-height-default elementor-section-height-default\" data-id=\"780a365\" data-element_type=\"section\">\n\t\t\t\t\t\t<div class=\"elementor-container elementor-column-gap-default\">\n\t\t\t\t\t<div class=\"elementor-column elementor-col-100 elementor-top-column elementor-element elementor-element-2c375f2\" data-id=\"2c375f2\" data-element_type=\"column\">\n\t\t\t<div class=\"elementor-widget-wrap elementor-element-populated\">\n\t\t\t\t\t\t<div class=\"elementor-element elementor-element-427b90a elementor-widget elementor-widget-text-editor\" data-id=\"427b90a\" data-element_type=\"widget\" data-widget_type=\"text-editor.default\">\n\t\t\t\t<div class=\"elementor-widget-container\">\n\t\t\t\t\t\t\t\t\t<blockquote><h3>\u00a0<\/h3><h3 style=\"text-align: center\"><span style=\"color: #00406f\"><strong>PR\u00c4ZISE ARBEIT AUF H\u00d6CHSTEM NIVEAU<br \/><\/strong><\/span><\/h3><\/blockquote>\t\t\t\t\t\t\t\t<\/div>\n\t\t\t\t<\/div>\n\t\t\t\t\t<\/div>\n\t\t<\/div>\n\t\t\t\t\t<\/div>\n\t\t<\/section>\n\t\t\t\t<section class=\"elementor-section elementor-top-section elementor-element elementor-element-6dbde5d elementor-section-boxed elementor-section-height-default elementor-section-height-default\" data-id=\"6dbde5d\" data-element_type=\"section\">\n\t\t\t\t\t\t<div class=\"elementor-container elementor-column-gap-default\">\n\t\t\t\t\t<div class=\"elementor-column elementor-col-100 elementor-top-column elementor-element elementor-element-ef2e0b3\" data-id=\"ef2e0b3\" data-element_type=\"column\">\n\t\t\t<div class=\"elementor-widget-wrap elementor-element-populated\">\n\t\t\t\t\t\t<div class=\"elementor-element elementor-element-76fde29 elementor-hidden-desktop elementor-hidden-tablet elementor-widget elementor-widget-text-editor\" data-id=\"76fde29\" data-element_type=\"widget\" data-widget_type=\"text-editor.default\">\n\t\t\t\t<div class=\"elementor-widget-container\">\n\t\t\t\t\t\t\t\t\t<p style=\"text-align: center\">Wir bei der GWT Group sind stolz darauf, seit \u00fcber 30 Jahren zu den f\u00fchrenden Unternehmen in \u00d6sterreich im Bau von Anlagen im Bereich der Wasseraufbereitung bzw. der Wassertechnik zu geh\u00f6ren. Diese Erfahrung bringen wir auch in unser 2019 gegr\u00fcndetes Unternehmen in der Schweiz ein.<\/p><p style=\"text-align: center\">Als Komplettanbieter konzeptionieren, planen und errichten wir Ihr gesamtes Freibad, Hallenbad oder Therme im kommunalen oder im gewerblichen Sektor. Egal ob Hotels, Fitnesscenter oder \u00f6ffentliche Schwimmb\u00e4der \u2013 regionale<br \/>Betreuung, kompetente Beratung, gekonnte Projektabwicklung und promte<br \/>Eins\u00e4tze im Servicebereich stehen bei uns ans oberster Stelle.<\/p>\t\t\t\t\t\t\t\t<\/div>\n\t\t\t\t<\/div>\n\t\t\t\t<div class=\"elementor-element elementor-element-6aa2b35 elementor-hidden-phone elementor-widget elementor-widget-text-editor\" data-id=\"6aa2b35\" data-element_type=\"widget\" data-widget_type=\"text-editor.default\">\n\t\t\t\t<div class=\"elementor-widget-container\">\n\t\t\t\t\t\t\t\t\t<p style=\"text-align: center\">Wir bei der GWT Group sind stolz darauf, seit \u00fcber 30 Jahren zu den f\u00fchrenden Unternehmen in \u00d6sterreich im Bau von Anlagen im Bereich der Wasseraufbereitung bzw. der Wassertechnik zu geh\u00f6ren. Diese Erfahrung bringen wir auch in unser Unternehmen in der Schweiz ein. An unserem Standort in der Schweiz betreuen wir Kunden vom ersten Planungsschritt bis zur Projektfertigstellung und durch unsere Serviceleistungen auch dar\u00fcber hinaus.<\/p><p style=\"text-align: center\">Seit dem Jahre 2019 d\u00fcrfen wir die GWT Swiss AG in der GWT Group willkommen hei\u00dfen. Mit der Gr\u00fcndung der GWT Swiss AG aus der Hydroair AG setzen wir in der Schweiz neue Ma\u00dfst\u00e4be und erweitern unser Know-How kontinuierlich. Als Komplettanbieter konzeptionieren, planen und errichten wir Ihr gesamtes Freibad, Hallenbad oder Therme im kommunalen oder im gewerblichen Sektor. Egal ob Hotels, Fitnesscenter oder \u00f6ffentliche Schwimmb\u00e4der \u2013 regionale Betreuung, kompetente Beratung, gekonnte Projektabwicklung und promte Eins\u00e4tze im Servicebereich stehen bei uns ans oberster Stelle.<\/p>\t\t\t\t\t\t\t\t<\/div>\n\t\t\t\t<\/div>\n\t\t\t\t\t<\/div>\n\t\t<\/div>\n\t\t\t\t\t<\/div>\n\t\t<\/section>\n\t\t\t\t<section class=\"elementor-section elementor-top-section elementor-element elementor-element-c6a75fc elementor-section-boxed elementor-section-height-default elementor-section-height-default\" data-id=\"c6a75fc\" data-element_type=\"section\">\n\t\t\t\t\t\t<div class=\"elementor-container elementor-column-gap-default\">\n\t\t\t\t\t<div class=\"elementor-column elementor-col-33 elementor-top-column elementor-element elementor-element-32587e83\" data-id=\"32587e83\" data-element_type=\"column\">\n\t\t\t<div class=\"elementor-widget-wrap elementor-element-populated\">\n\t\t\t\t\t\t<div class=\"elementor-element elementor-element-05a10d8 elementor-widget elementor-widget-image\" data-id=\"05a10d8\" data-element_type=\"widget\" data-widget_type=\"image.default\">\n\t\t\t\t<div class=\"elementor-widget-container\">\n\t\t\t\t\t\t\t\t\t\t\t\t\t\t\t<img decoding=\"async\" src=\"https:\/\/www.gwt.at\/schwimmbad-und-therme\/wp-content\/uploads\/sites\/3\/2021\/01\/filter_web.jpg\" title=\"\" alt=\"\" loading=\"lazy\" \/>\t\t\t\t\t\t\t\t\t\t\t\t\t\t\t<\/div>\n\t\t\t\t<\/div>\n\t\t\t\t<div class=\"elementor-element elementor-element-23e4bbc5 elementor-widget elementor-widget-heading\" data-id=\"23e4bbc5\" data-element_type=\"widget\" data-widget_type=\"heading.default\">\n\t\t\t\t<div class=\"elementor-widget-container\">\n\t\t\t\t\t<h4 class=\"elementor-heading-title elementor-size-default\">Innovation<\/h4>\t\t\t\t<\/div>\n\t\t\t\t<\/div>\n\t\t\t\t<div class=\"elementor-element elementor-element-100ff3 elementor-widget elementor-widget-text-editor\" data-id=\"100ff3\" data-element_type=\"widget\" data-widget_type=\"text-editor.default\">\n\t\t\t\t<div class=\"elementor-widget-container\">\n\t\t\t\t\t\t\t\t\t<div class=\"wpb_text_column wpb_content_element \"><div class=\"wpb_wrapper\"><p style=\"text-align: left\">Die GWT sch\u00f6pft aus \u00fcber 30 Jahren Erfahrung in der Planung und Ausf\u00fchrung diverser Wasseraufbereitungsanlagen. Die Individualit\u00e4t der jeweiligen L\u00f6sung spielt dabei eine gro\u00dfe Rolle.<\/p><\/div><\/div>\t\t\t\t\t\t\t\t<\/div>\n\t\t\t\t<\/div>\n\t\t\t\t\t<\/div>\n\t\t<\/div>\n\t\t\t\t<div class=\"elementor-column elementor-col-33 elementor-top-column elementor-element elementor-element-7e2faeaa\" data-id=\"7e2faeaa\" data-element_type=\"column\">\n\t\t\t<div class=\"elementor-widget-wrap elementor-element-populated\">\n\t\t\t\t\t\t<div class=\"elementor-element elementor-element-c9e64c7 elementor-widget elementor-widget-image\" data-id=\"c9e64c7\" data-element_type=\"widget\" data-widget_type=\"image.default\">\n\t\t\t\t<div class=\"elementor-widget-container\">\n\t\t\t\t\t\t\t\t\t\t\t\t\t\t\t<img decoding=\"async\" src=\"https:\/\/www.gwt.at\/gwt-swiss\/wp-content\/uploads\/sites\/4\/elementor\/thumbs\/Swiss-Gebaeude-p2lz9ut19m2lr3i6dcx3eob59qnx37hvkyxkaytpew.jpg\" title=\"Swiss Geb\u00e4ude\" alt=\"Swiss Geb\u00e4ude\" loading=\"lazy\" \/>\t\t\t\t\t\t\t\t\t\t\t\t\t\t\t<\/div>\n\t\t\t\t<\/div>\n\t\t\t\t<div class=\"elementor-element elementor-element-fee0469 elementor-widget elementor-widget-heading\" data-id=\"fee0469\" data-element_type=\"widget\" data-widget_type=\"heading.default\">\n\t\t\t\t<div class=\"elementor-widget-container\">\n\t\t\t\t\t<h4 class=\"elementor-heading-title elementor-size-default\">Erfahrung<\/h4>\t\t\t\t<\/div>\n\t\t\t\t<\/div>\n\t\t\t\t<div class=\"elementor-element elementor-element-1d4ba877 elementor-widget elementor-widget-text-editor\" data-id=\"1d4ba877\" data-element_type=\"widget\" data-widget_type=\"text-editor.default\">\n\t\t\t\t<div class=\"elementor-widget-container\">\n\t\t\t\t\t\t\t\t\t<p>Im Laufe der Jahre hat sich GWT kontinuierlich zu einem Komplettanbieter auf dem Gebiet der Wasseraufbereitung entwickelt. Unsere langj\u00e4hrige Erfahrung stellt einen der Schl\u00fcssel f\u00fcr maximale Effizienz im gesamten Projektablauf dar. Mit GWT Swiss wurde diese Erfahrung und dieses Know-How International erweitert.\u00a0<\/p>\t\t\t\t\t\t\t\t<\/div>\n\t\t\t\t<\/div>\n\t\t\t\t\t<\/div>\n\t\t<\/div>\n\t\t\t\t<div class=\"elementor-column elementor-col-33 elementor-top-column elementor-element elementor-element-228c0e1\" data-id=\"228c0e1\" data-element_type=\"column\">\n\t\t\t<div class=\"elementor-widget-wrap elementor-element-populated\">\n\t\t\t\t\t\t<div class=\"elementor-element elementor-element-20e6396 elementor-widget elementor-widget-image\" data-id=\"20e6396\" data-element_type=\"widget\" data-widget_type=\"image.default\">\n\t\t\t\t<div class=\"elementor-widget-container\">\n\t\t\t\t\t\t\t\t\t\t\t\t\t\t\t<img decoding=\"async\" src=\"https:\/\/www.gwt.at\/gwt-swiss\/wp-content\/uploads\/sites\/4\/elementor\/thumbs\/team_web-p2m1rgr4t0qoktcb43cp429404zmwf8nwhvzclyk88.jpg\" title=\"team_web\" alt=\"team_web\" loading=\"lazy\" \/>\t\t\t\t\t\t\t\t\t\t\t\t\t\t\t<\/div>\n\t\t\t\t<\/div>\n\t\t\t\t<div class=\"elementor-element elementor-element-50b8238d elementor-widget elementor-widget-heading\" data-id=\"50b8238d\" data-element_type=\"widget\" data-widget_type=\"heading.default\">\n\t\t\t\t<div class=\"elementor-widget-container\">\n\t\t\t\t\t<h4 class=\"elementor-heading-title elementor-size-default\">Team<\/h4>\t\t\t\t<\/div>\n\t\t\t\t<\/div>\n\t\t\t\t<div class=\"elementor-element elementor-element-4b30438c elementor-widget elementor-widget-text-editor\" data-id=\"4b30438c\" data-element_type=\"widget\" data-widget_type=\"text-editor.default\">\n\t\t\t\t<div class=\"elementor-widget-container\">\n\t\t\t\t\t\t\t\t\t<div class=\"wpb_text_column wpb_content_element \"><div class=\"wpb_wrapper\"><div class=\"wpb_text_column wpb_content_element \"><div class=\"wpb_wrapper\"><p>Ein kompetentes Team von Mitarbeiterinnen und Mitarbeitern deckt mit umfassendem Know-how alle Bereiche des Anlagenbaus ab \u2013 von der ingenieurm\u00e4\u00dfigen Planung \u00fcber die Fertigung von Komponenten bis hin zur professionellen Montage vor Ort. Zufriedene Kunden auf der ganzen Welt setzen auf die Innovationskraft und Verl\u00e4sslichkeit von GWT.<\/p><\/div><\/div><\/div><\/div>\t\t\t\t\t\t\t\t<\/div>\n\t\t\t\t<\/div>\n\t\t\t\t\t<\/div>\n\t\t<\/div>\n\t\t\t\t\t<\/div>\n\t\t<\/section>\n\t\t\t\t<section class=\"elementor-section elementor-top-section elementor-element elementor-element-09ee759 elementor-section-content-middle elementor-reverse-mobile elementor-hidden-desktop elementor-hidden-tablet elementor-hidden-phone elementor-section-boxed elementor-section-height-default elementor-section-height-default\" data-id=\"09ee759\" data-element_type=\"section\">\n\t\t\t\t\t\t<div class=\"elementor-container elementor-column-gap-default\">\n\t\t\t\t\t<div class=\"elementor-column elementor-col-50 elementor-top-column elementor-element elementor-element-7a96a6d1\" data-id=\"7a96a6d1\" data-element_type=\"column\">\n\t\t\t<div class=\"elementor-widget-wrap elementor-element-populated\">\n\t\t\t\t\t\t<div class=\"elementor-element elementor-element-1bd4c011 elementor-widget elementor-widget-heading\" data-id=\"1bd4c011\" data-element_type=\"widget\" data-widget_type=\"heading.default\">\n\t\t\t\t<div class=\"elementor-widget-container\">\n\t\t\t\t\t<h6 class=\"elementor-heading-title elementor-size-default\">Unternehmen<\/h6>\t\t\t\t<\/div>\n\t\t\t\t<\/div>\n\t\t\t\t<div class=\"elementor-element elementor-element-7cfc1ac7 elementor-widget elementor-widget-heading\" data-id=\"7cfc1ac7\" data-element_type=\"widget\" data-widget_type=\"heading.default\">\n\t\t\t\t<div class=\"elementor-widget-container\">\n\t\t\t\t\t<h2 class=\"elementor-heading-title elementor-size-default\">Management System<\/h2>\t\t\t\t<\/div>\n\t\t\t\t<\/div>\n\t\t\t\t<div class=\"elementor-element elementor-element-1315b56a elementor-widget elementor-widget-text-editor\" data-id=\"1315b56a\" data-element_type=\"widget\" data-widget_type=\"text-editor.default\">\n\t\t\t\t<div class=\"elementor-widget-container\">\n\t\t\t\t\t\t\t\t\t<p>In der Firma GWT wurde der Bereich Qualit\u00e4tssicherung erweitert und unter dem Begriff Qualit\u00e4tsmanagement in die Verantwortung aller Ausf\u00fchrungsebenen und Gesch\u00e4ftsbereiche \u00fcbertragen. Durch die Gesch\u00e4ftsleitung gef\u00fchrt verwirklichen alle Firmenmitglieder dieses Qualit\u00e4tsprinzip unter Ber\u00fccksichtigung der Wirtschaftlichkeit. <\/p>\t\t\t\t\t\t\t\t<\/div>\n\t\t\t\t<\/div>\n\t\t\t\t<div class=\"elementor-element elementor-element-5035b45 elementor-widget elementor-widget-button\" data-id=\"5035b45\" data-element_type=\"widget\" data-widget_type=\"button.default\">\n\t\t\t\t<div class=\"elementor-widget-container\">\n\t\t\t\t\t\t\t\t\t<div class=\"elementor-button-wrapper\">\n\t\t\t\t\t<a class=\"elementor-button elementor-button-link elementor-size-sm\" href=\"\/wp-content\/uploads\/sites\/2\/2020\/05\/GWT-Unternehmenspolitik.pdf\" target=\"_blank\">\n\t\t\t\t\t\t<span class=\"elementor-button-content-wrapper\">\n\t\t\t\t\t\t<span class=\"elementor-button-icon\">\n\t\t\t\t<i aria-hidden=\"true\" class=\"fas fa-chevron-circle-right\"><\/i>\t\t\t<\/span>\n\t\t\t\t\t\t\t\t\t<span class=\"elementor-button-text\">ZUR MANAGEMENTPOLITIK DER FA. GWT<\/span>\n\t\t\t\t\t<\/span>\n\t\t\t\t\t<\/a>\n\t\t\t\t<\/div>\n\t\t\t\t\t\t\t\t<\/div>\n\t\t\t\t<\/div>\n\t\t\t\t\t<\/div>\n\t\t<\/div>\n\t\t\t\t<div class=\"elementor-column elementor-col-50 elementor-top-column elementor-element elementor-element-7ba163e7\" data-id=\"7ba163e7\" data-element_type=\"column\">\n\t\t\t<div class=\"elementor-widget-wrap elementor-element-populated\">\n\t\t\t\t\t\t<div class=\"elementor-element elementor-element-475ad6d4 elementor-widget elementor-widget-image\" data-id=\"475ad6d4\" data-element_type=\"widget\" data-widget_type=\"image.default\">\n\t\t\t\t<div class=\"elementor-widget-container\">\n\t\t\t\t\t\t\t\t\t\t\t\t\t\t\t<img decoding=\"async\" src=\"https:\/\/www.gwt.at\/gwt-swiss\/wp-content\/uploads\/sites\/4\/elementor\/thumbs\/meeting-opq0ez8hhu0ocvp2hmmakqgpffqdtomcl1arlbpg7c.jpg\" title=\"3 Personen stehen in einem Meetingraum\" alt=\"3 Personen stehen in einem Meetingraum\" loading=\"lazy\" \/>\t\t\t\t\t\t\t\t\t\t\t\t\t\t\t<\/div>\n\t\t\t\t<\/div>\n\t\t\t\t\t<\/div>\n\t\t<\/div>\n\t\t\t\t\t<\/div>\n\t\t<\/section>\n\t\t\t\t<\/div>\n\t\t","protected":false},"excerpt":{"rendered":"<p>\u00a0 PR\u00c4ZISE ARBEIT AUF H\u00d6CHSTEM NIVEAU Wir bei der GWT Group sind stolz darauf, seit \u00fcber 30 Jahren zu den f\u00fchrenden Unternehmen in \u00d6sterreich im Bau von Anlagen im Bereich der Wasseraufbereitung bzw. der Wassertechnik zu geh\u00f6ren. Diese Erfahrung bringen wir auch in unser 2019 gegr\u00fcndetes Unternehmen in der Schweiz ein. Als Komplettanbieter konzeptionieren, planen [&hellip;]<\/p>\n","protected":false},"author":1,"featured_media":0,"parent":0,"menu_order":0,"comment_status":"closed","ping_status":"closed","template":"","meta":{"footnotes":""},"class_list":["post-394","page","type-page","status-publish","hentry"],"yoast_head":"<!-- This site is optimized with the Yoast SEO plugin v26.0 - https:\/\/yoast.com\/wordpress\/plugins\/seo\/ -->\n<title>Unternehmen | GWT Swiss<\/title>\n<meta name=\"description\" content=\"Mit der Gr\u00fcndung der GWT Swiss konnte der Schweizer Markt erschlossen und weiteres Know-How im Bereich Wasseraufbereitung gewonnen werden.\" \/>\n<meta name=\"robots\" content=\"index, follow, max-snippet:-1, max-image-preview:large, max-video-preview:-1\" \/>\n<link rel=\"canonical\" href=\"https:\/\/www.gwt.at\/gwt-swiss\/unternehmen\/\" \/>\n<meta property=\"og:locale\" content=\"de_DE\" \/>\n<meta property=\"og:type\" content=\"article\" \/>\n<meta property=\"og:title\" content=\"Unternehmen | GWT Swiss\" \/>\n<meta property=\"og:description\" content=\"Mit der Gr\u00fcndung der GWT Swiss konnte der Schweizer Markt erschlossen und weiteres Know-How im Bereich Wasseraufbereitung gewonnen werden.\" \/>\n<meta property=\"og:url\" content=\"https:\/\/www.gwt.at\/gwt-swiss\/unternehmen\/\" \/>\n<meta property=\"og:site_name\" content=\"GWT - Swiss\" \/>\n<meta property=\"article:modified_time\" content=\"2021-12-21T10:55:21+00:00\" \/>\n<meta property=\"og:image\" content=\"https:\/\/www.gwt.at\/schwimmbad-und-therme\/wp-content\/uploads\/sites\/3\/2021\/01\/filter_web.jpg\" \/>\n<meta name=\"twitter:card\" content=\"summary_large_image\" \/>\n<meta name=\"twitter:label1\" content=\"Gesch\u00e4tzte Lesezeit\" \/>\n\t<meta name=\"twitter:data1\" content=\"2\u00a0Minuten\" \/>\n<script type=\"application\/ld+json\" class=\"yoast-schema-graph\">{\"@context\":\"https:\/\/schema.org\",\"@graph\":[{\"@type\":\"WebPage\",\"@id\":\"https:\/\/www.gwt.at\/gwt-swiss\/unternehmen\/\",\"url\":\"https:\/\/www.gwt.at\/gwt-swiss\/unternehmen\/\",\"name\":\"Unternehmen | GWT Swiss\",\"isPartOf\":{\"@id\":\"https:\/\/www.gwt.at\/gwt-swiss\/#website\"},\"primaryImageOfPage\":{\"@id\":\"https:\/\/www.gwt.at\/gwt-swiss\/unternehmen\/#primaryimage\"},\"image\":{\"@id\":\"https:\/\/www.gwt.at\/gwt-swiss\/unternehmen\/#primaryimage\"},\"thumbnailUrl\":\"https:\/\/www.gwt.at\/schwimmbad-und-therme\/wp-content\/uploads\/sites\/3\/2021\/01\/filter_web.jpg\",\"datePublished\":\"2020-05-15T21:05:28+00:00\",\"dateModified\":\"2021-12-21T10:55:21+00:00\",\"description\":\"Mit der Gr\u00fcndung der GWT Swiss konnte der Schweizer Markt erschlossen und weiteres Know-How im Bereich Wasseraufbereitung gewonnen werden.\",\"breadcrumb\":{\"@id\":\"https:\/\/www.gwt.at\/gwt-swiss\/unternehmen\/#breadcrumb\"},\"inLanguage\":\"de\",\"potentialAction\":[{\"@type\":\"ReadAction\",\"target\":[\"https:\/\/www.gwt.at\/gwt-swiss\/unternehmen\/\"]}]},{\"@type\":\"ImageObject\",\"inLanguage\":\"de\",\"@id\":\"https:\/\/www.gwt.at\/gwt-swiss\/unternehmen\/#primaryimage\",\"url\":\"https:\/\/www.gwt.at\/schwimmbad-und-therme\/wp-content\/uploads\/sites\/3\/2021\/01\/filter_web.jpg\",\"contentUrl\":\"https:\/\/www.gwt.at\/schwimmbad-und-therme\/wp-content\/uploads\/sites\/3\/2021\/01\/filter_web.jpg\"},{\"@type\":\"BreadcrumbList\",\"@id\":\"https:\/\/www.gwt.at\/gwt-swiss\/unternehmen\/#breadcrumb\",\"itemListElement\":[{\"@type\":\"ListItem\",\"position\":1,\"name\":\"Home\",\"item\":\"https:\/\/www.gwt.at\/gwt-swiss\/\"},{\"@type\":\"ListItem\",\"position\":2,\"name\":\"Unternehmen\"}]},{\"@type\":\"WebSite\",\"@id\":\"https:\/\/www.gwt.at\/gwt-swiss\/#website\",\"url\":\"https:\/\/www.gwt.at\/gwt-swiss\/\",\"name\":\"GWT - Swiss\",\"description\":\"Ihr Partner f\u00fcr wassertechnische Anlagen\",\"publisher\":{\"@id\":\"https:\/\/www.gwt.at\/gwt-swiss\/#organization\"},\"potentialAction\":[{\"@type\":\"SearchAction\",\"target\":{\"@type\":\"EntryPoint\",\"urlTemplate\":\"https:\/\/www.gwt.at\/gwt-swiss\/?s={search_term_string}\"},\"query-input\":{\"@type\":\"PropertyValueSpecification\",\"valueRequired\":true,\"valueName\":\"search_term_string\"}}],\"inLanguage\":\"de\"},{\"@type\":\"Organization\",\"@id\":\"https:\/\/www.gwt.at\/gwt-swiss\/#organization\",\"name\":\"GWT - Swiss\",\"url\":\"https:\/\/www.gwt.at\/gwt-swiss\/\",\"logo\":{\"@type\":\"ImageObject\",\"inLanguage\":\"de\",\"@id\":\"https:\/\/www.gwt.at\/gwt-swiss\/#\/schema\/logo\/image\/\",\"url\":\"https:\/\/www.gwt.at\/gwt-swiss\/wp-content\/uploads\/sites\/4\/2023\/03\/cropped-01_Standard_Logo_GWT-Swiss-AG_rgb_200x100.png\",\"contentUrl\":\"https:\/\/www.gwt.at\/gwt-swiss\/wp-content\/uploads\/sites\/4\/2023\/03\/cropped-01_Standard_Logo_GWT-Swiss-AG_rgb_200x100.png\",\"width\":191,\"height\":100,\"caption\":\"GWT - Swiss\"},\"image\":{\"@id\":\"https:\/\/www.gwt.at\/gwt-swiss\/#\/schema\/logo\/image\/\"}}]}<\/script>\n<!-- \/ Yoast SEO plugin. -->","yoast_head_json":{"title":"Unternehmen | GWT Swiss","description":"Mit der Gr\u00fcndung der GWT Swiss konnte der Schweizer Markt erschlossen und weiteres Know-How im Bereich Wasseraufbereitung gewonnen werden.","robots":{"index":"index","follow":"follow","max-snippet":"max-snippet:-1","max-image-preview":"max-image-preview:large","max-video-preview":"max-video-preview:-1"},"canonical":"https:\/\/www.gwt.at\/gwt-swiss\/unternehmen\/","og_locale":"de_DE","og_type":"article","og_title":"Unternehmen | GWT Swiss","og_description":"Mit der Gr\u00fcndung der GWT Swiss konnte der Schweizer Markt erschlossen und weiteres Know-How im Bereich Wasseraufbereitung gewonnen werden.","og_url":"https:\/\/www.gwt.at\/gwt-swiss\/unternehmen\/","og_site_name":"GWT - Swiss","article_modified_time":"2021-12-21T10:55:21+00:00","og_image":[{"url":"https:\/\/www.gwt.at\/schwimmbad-und-therme\/wp-content\/uploads\/sites\/3\/2021\/01\/filter_web.jpg","type":"","width":"","height":""}],"twitter_card":"summary_large_image","twitter_misc":{"Gesch\u00e4tzte Lesezeit":"2\u00a0Minuten"},"schema":{"@context":"https:\/\/schema.org","@graph":[{"@type":"WebPage","@id":"https:\/\/www.gwt.at\/gwt-swiss\/unternehmen\/","url":"https:\/\/www.gwt.at\/gwt-swiss\/unternehmen\/","name":"Unternehmen | GWT Swiss","isPartOf":{"@id":"https:\/\/www.gwt.at\/gwt-swiss\/#website"},"primaryImageOfPage":{"@id":"https:\/\/www.gwt.at\/gwt-swiss\/unternehmen\/#primaryimage"},"image":{"@id":"https:\/\/www.gwt.at\/gwt-swiss\/unternehmen\/#primaryimage"},"thumbnailUrl":"https:\/\/www.gwt.at\/schwimmbad-und-therme\/wp-content\/uploads\/sites\/3\/2021\/01\/filter_web.jpg","datePublished":"2020-05-15T21:05:28+00:00","dateModified":"2021-12-21T10:55:21+00:00","description":"Mit der Gr\u00fcndung der GWT Swiss konnte der Schweizer Markt erschlossen und weiteres Know-How im Bereich Wasseraufbereitung gewonnen werden.","breadcrumb":{"@id":"https:\/\/www.gwt.at\/gwt-swiss\/unternehmen\/#breadcrumb"},"inLanguage":"de","potentialAction":[{"@type":"ReadAction","target":["https:\/\/www.gwt.at\/gwt-swiss\/unternehmen\/"]}]},{"@type":"ImageObject","inLanguage":"de","@id":"https:\/\/www.gwt.at\/gwt-swiss\/unternehmen\/#primaryimage","url":"https:\/\/www.gwt.at\/schwimmbad-und-therme\/wp-content\/uploads\/sites\/3\/2021\/01\/filter_web.jpg","contentUrl":"https:\/\/www.gwt.at\/schwimmbad-und-therme\/wp-content\/uploads\/sites\/3\/2021\/01\/filter_web.jpg"},{"@type":"BreadcrumbList","@id":"https:\/\/www.gwt.at\/gwt-swiss\/unternehmen\/#breadcrumb","itemListElement":[{"@type":"ListItem","position":1,"name":"Home","item":"https:\/\/www.gwt.at\/gwt-swiss\/"},{"@type":"ListItem","position":2,"name":"Unternehmen"}]},{"@type":"WebSite","@id":"https:\/\/www.gwt.at\/gwt-swiss\/#website","url":"https:\/\/www.gwt.at\/gwt-swiss\/","name":"GWT - Swiss","description":"Ihr Partner f\u00fcr wassertechnische Anlagen","publisher":{"@id":"https:\/\/www.gwt.at\/gwt-swiss\/#organization"},"potentialAction":[{"@type":"SearchAction","target":{"@type":"EntryPoint","urlTemplate":"https:\/\/www.gwt.at\/gwt-swiss\/?s={search_term_string}"},"query-input":{"@type":"PropertyValueSpecification","valueRequired":true,"valueName":"search_term_string"}}],"inLanguage":"de"},{"@type":"Organization","@id":"https:\/\/www.gwt.at\/gwt-swiss\/#organization","name":"GWT - Swiss","url":"https:\/\/www.gwt.at\/gwt-swiss\/","logo":{"@type":"ImageObject","inLanguage":"de","@id":"https:\/\/www.gwt.at\/gwt-swiss\/#\/schema\/logo\/image\/","url":"https:\/\/www.gwt.at\/gwt-swiss\/wp-content\/uploads\/sites\/4\/2023\/03\/cropped-01_Standard_Logo_GWT-Swiss-AG_rgb_200x100.png","contentUrl":"https:\/\/www.gwt.at\/gwt-swiss\/wp-content\/uploads\/sites\/4\/2023\/03\/cropped-01_Standard_Logo_GWT-Swiss-AG_rgb_200x100.png","width":191,"height":100,"caption":"GWT - Swiss"},"image":{"@id":"https:\/\/www.gwt.at\/gwt-swiss\/#\/schema\/logo\/image\/"}}]}},"_links":{"self":[{"href":"https:\/\/www.gwt.at\/gwt-swiss\/wp-json\/wp\/v2\/pages\/394","targetHints":{"allow":["GET"]}}],"collection":[{"href":"https:\/\/www.gwt.at\/gwt-swiss\/wp-json\/wp\/v2\/pages"}],"about":[{"href":"https:\/\/www.gwt.at\/gwt-swiss\/wp-json\/wp\/v2\/types\/page"}],"author":[{"embeddable":true,"href":"https:\/\/www.gwt.at\/gwt-swiss\/wp-json\/wp\/v2\/users\/1"}],"replies":[{"embeddable":true,"href":"https:\/\/www.gwt.at\/gwt-swiss\/wp-json\/wp\/v2\/comments?post=394"}],"version-history":[{"count":31,"href":"https:\/\/www.gwt.at\/gwt-swiss\/wp-json\/wp\/v2\/pages\/394\/revisions"}],"predecessor-version":[{"id":1280,"href":"https:\/\/www.gwt.at\/gwt-swiss\/wp-json\/wp\/v2\/pages\/394\/revisions\/1280"}],"wp:attachment":[{"href":"https:\/\/www.gwt.at\/gwt-swiss\/wp-json\/wp\/v2\/media?parent=394"}],"curies":[{"name":"wp","href":"https:\/\/api.w.org\/{rel}","templated":true}]}}